{"id":3432,"date":"2025-04-06T15:47:53","date_gmt":"2025-04-06T13:47:53","guid":{"rendered":"https:\/\/crewglobaltrading.com\/contactez-nous\/"},"modified":"2025-06-22T20:02:10","modified_gmt":"2025-06-22T18:02:10","slug":"contactez-nous","status":"publish","type":"page","link":"https:\/\/crewglobaltrading.com\/fr\/contactez-nous\/","title":{"rendered":"Contactez-nous"},"content":{"rendered":"\t\t<div data-elementor-type=\"wp-page\" data-elementor-id=\"3432\" class=\"elementor elementor-3432 elementor-39\" data-elementor-post-type=\"page\">\n\t\t\t\t<div class=\"elementor-element elementor-element-2e184d5 e-flex e-con-boxed e-con e-parent\" data-id=\"2e184d5\" data-element_type=\"container\" data-settings=\"{&quot;background_background&quot;:&quot;classic&quot;}\">\n\t\t\t\t\t<div class=\"e-con-inner\">\n\t\t<div class=\"elementor-element elementor-element-e7a23ea e-con-full e-flex e-con e-child\" data-id=\"e7a23ea\" data-element_type=\"container\">\n\t\t\t\t<div class=\"elementor-element elementor-element-9ff3c4a elementor-widget elementor-widget-heading\" data-id=\"9ff3c4a\" data-element_type=\"widget\" data-widget_type=\"heading.default\">\n\t\t\t\t\t<h2 class=\"elementor-heading-title elementor-size-default\">Contactez-nous<\/h2>\t\t\t\t<\/div>\n\t\t\t\t<div class=\"elementor-element elementor-element-859f9bf elementor-widget elementor-widget-text-editor\" data-id=\"859f9bf\" data-element_type=\"widget\" data-widget_type=\"text-editor.default\">\n\t\t\t\t\t\t\t\t\tChez Crew Global Trading, nous sommes toujours pr\u00eats \u00e0 vous aider pour vos besoins en ressources min\u00e9rales. Que vous ayez des questions, souhaitiez discuter d\u2019une commande ou obtenir plus d\u2019informations sur nos produits et services, notre \u00e9quipe est \u00e0 votre disposition. \t\t\t\t\t\t\t\t<\/div>\n\t\t\t\t<div class=\"elementor-element elementor-element-ae8a7f6 elementor-view-stacked elementor-position-left elementor-vertical-align-middle contactInfo elementor-shape-circle elementor-mobile-position-top elementor-widget elementor-widget-icon-box\" data-id=\"ae8a7f6\" data-element_type=\"widget\" data-widget_type=\"icon-box.default\">\n\t\t\t\t\t\t\t<div class=\"elementor-icon-box-wrapper\">\n\n\t\t\t\t\t\t<div class=\"elementor-icon-box-icon\">\n\t\t\t\t<a href=\"https:\/\/wa.me\/201203316661\" class=\"elementor-icon\" tabindex=\"-1\" aria-label=\"+201203316661\">\n\t\t\t\t<svg aria-hidden=\"true\" class=\"e-font-icon-svg e-fab-whatsapp\" viewBox=\"0 0 448 512\" xmlns=\"http:\/\/www.w3.org\/2000\/svg\"><path d=\"M380.9 97.1C339 55.1 283.2 32 223.9 32c-122.4 0-222 99.6-222 222 0 39.1 10.2 77.3 29.6 111L0 480l117.7-30.9c32.4 17.7 68.9 27 106.1 27h.1c122.3 0 224.1-99.6 224.1-222 0-59.3-25.2-115-67.1-157zm-157 341.6c-33.2 0-65.7-8.9-94-25.7l-6.7-4-69.8 18.3L72 359.2l-4.4-7c-18.5-29.4-28.2-63.3-28.2-98.2 0-101.7 82.8-184.5 184.6-184.5 49.3 0 95.6 19.2 130.4 54.1 34.8 34.9 56.2 81.2 56.1 130.5 0 101.8-84.9 184.6-186.6 184.6zm101.2-138.2c-5.5-2.8-32.8-16.2-37.9-18-5.1-1.9-8.8-2.8-12.5 2.8-3.7 5.6-14.3 18-17.6 21.8-3.2 3.7-6.5 4.2-12 1.4-32.6-16.3-54-29.1-75.5-66-5.7-9.8 5.7-9.1 16.3-30.3 1.8-3.7.9-6.9-.5-9.7-1.4-2.8-12.5-30.1-17.1-41.2-4.5-10.8-9.1-9.3-12.5-9.5-3.2-.2-6.9-.2-10.6-.2-3.7 0-9.7 1.4-14.8 6.9-5.1 5.6-19.4 19-19.4 46.3 0 27.3 19.9 53.7 22.6 57.4 2.8 3.7 39.1 59.7 94.8 83.8 35.2 15.2 49 16.5 66.6 13.9 10.7-1.6 32.8-13.4 37.4-26.4 4.6-13 4.6-24.1 3.2-26.4-1.3-2.5-5-3.9-10.5-6.6z\"><\/path><\/svg>\t\t\t\t<\/a>\n\t\t\t<\/div>\n\t\t\t\n\t\t\t\t\t\t<div class=\"elementor-icon-box-content\">\n\n\t\t\t\t\t\t\t\t\t<div class=\"elementor-icon-box-title\">\n\t\t\t\t\t\t<a href=\"https:\/\/wa.me\/201203316661\" >\n\t\t\t\t\t\t\t+201203316661\t\t\t\t\t\t<\/a>\n\t\t\t\t\t<\/div>\n\t\t\t\t\n\t\t\t\t\t\t\t\t\t<p class=\"elementor-icon-box-description\">\n\t\t\t\t\t\tDiscutez avec nous\t\t\t\t\t<\/p>\n\t\t\t\t\n\t\t\t<\/div>\n\t\t\t\n\t\t<\/div>\n\t\t\t\t\t\t<\/div>\n\t\t\t\t<div class=\"elementor-element elementor-element-4a1b42c elementor-view-stacked elementor-position-left elementor-vertical-align-middle contactInfo elementor-shape-circle elementor-mobile-position-top elementor-widget elementor-widget-icon-box\" data-id=\"4a1b42c\" data-element_type=\"widget\" data-widget_type=\"icon-box.default\">\n\t\t\t\t\t\t\t<div class=\"elementor-icon-box-wrapper\">\n\n\t\t\t\t\t\t<div class=\"elementor-icon-box-icon\">\n\t\t\t\t<a href=\"mailto:esmat@crewglobaltrading.com\" class=\"elementor-icon\" tabindex=\"-1\" aria-label=\"esmat@crewglobaltrading.com\">\n\t\t\t\t<svg aria-hidden=\"true\" class=\"e-font-icon-svg e-far-envelope\" viewBox=\"0 0 512 512\" xmlns=\"http:\/\/www.w3.org\/2000\/svg\"><path d=\"M464 64H48C21.49 64 0 85.49 0 112v288c0 26.51 21.49 48 48 48h416c26.51 0 48-21.49 48-48V112c0-26.51-21.49-48-48-48zm0 48v40.805c-22.422 18.259-58.168 46.651-134.587 106.49-16.841 13.247-50.201 45.072-73.413 44.701-23.208.375-56.579-31.459-73.413-44.701C106.18 199.465 70.425 171.067 48 152.805V112h416zM48 400V214.398c22.914 18.251 55.409 43.862 104.938 82.646 21.857 17.205 60.134 55.186 103.062 54.955 42.717.231 80.509-37.199 103.053-54.947 49.528-38.783 82.032-64.401 104.947-82.653V400H48z\"><\/path><\/svg>\t\t\t\t<\/a>\n\t\t\t<\/div>\n\t\t\t\n\t\t\t\t\t\t<div class=\"elementor-icon-box-content\">\n\n\t\t\t\t\t\t\t\t\t<div class=\"elementor-icon-box-title\">\n\t\t\t\t\t\t<a href=\"mailto:esmat@crewglobaltrading.com\" >\n\t\t\t\t\t\t\tesmat@crewglobaltrading.com\t\t\t\t\t\t<\/a>\n\t\t\t\t\t<\/div>\n\t\t\t\t\n\t\t\t\t\t\t\t\t\t<p class=\"elementor-icon-box-description\">\n\t\t\t\t\t\tEnvoyez-nous un e-mail\t\t\t\t\t<\/p>\n\t\t\t\t\n\t\t\t<\/div>\n\t\t\t\n\t\t<\/div>\n\t\t\t\t\t\t<\/div>\n\t\t\t\t<div class=\"elementor-element elementor-element-6207050 elementor-view-stacked elementor-position-left elementor-vertical-align-middle contactInfo elementor-shape-circle elementor-mobile-position-top elementor-widget elementor-widget-icon-box\" data-id=\"6207050\" data-element_type=\"widget\" data-widget_type=\"icon-box.default\">\n\t\t\t\t\t\t\t<div class=\"elementor-icon-box-wrapper\">\n\n\t\t\t\t\t\t<div class=\"elementor-icon-box-icon\">\n\t\t\t\t<span  class=\"elementor-icon\">\n\t\t\t\t<svg aria-hidden=\"true\" class=\"e-font-icon-svg e-fas-map-pin\" viewBox=\"0 0 288 512\" xmlns=\"http:\/\/www.w3.org\/2000\/svg\"><path d=\"M112 316.94v156.69l22.02 33.02c4.75 7.12 15.22 7.12 19.97 0L176 473.63V316.94c-10.39 1.92-21.06 3.06-32 3.06s-21.61-1.14-32-3.06zM144 0C64.47 0 0 64.47 0 144s64.47 144 144 144 144-64.47 144-144S223.53 0 144 0zm0 76c-37.5 0-68 30.5-68 68 0 6.62-5.38 12-12 12s-12-5.38-12-12c0-50.73 41.28-92 92-92 6.62 0 12 5.38 12 12s-5.38 12-12 12z\"><\/path><\/svg>\t\t\t\t<\/span>\n\t\t\t<\/div>\n\t\t\t\n\t\t\t\t\t\t<div class=\"elementor-icon-box-content\">\n\n\t\t\t\t\t\t\t\t\t<div class=\"elementor-icon-box-title\">\n\t\t\t\t\t\t<span  >\n\t\t\t\t\t\t\t90 Rue, Cinqui\u00e8me Secteur, Nouveau Caire, Le Caire, \u00c9gypte\t\t\t\t\t\t<\/span>\n\t\t\t\t\t<\/div>\n\t\t\t\t\n\t\t\t\t\t\t\t\t\t<p class=\"elementor-icon-box-description\">\n\t\t\t\t\t\tAdresse du si\u00e8ge social\t\t\t\t\t<\/p>\n\t\t\t\t\n\t\t\t<\/div>\n\t\t\t\n\t\t<\/div>\n\t\t\t\t\t\t<\/div>\n\t\t\t\t<div class=\"elementor-element elementor-element-4574709 elementor-view-stacked elementor-position-left elementor-vertical-align-middle contactInfo elementor-shape-circle elementor-mobile-position-top elementor-widget elementor-widget-icon-box\" data-id=\"4574709\" data-element_type=\"widget\" data-widget_type=\"icon-box.default\">\n\t\t\t\t\t\t\t<div class=\"elementor-icon-box-wrapper\">\n\n\t\t\t\t\t\t<div class=\"elementor-icon-box-icon\">\n\t\t\t\t<span  class=\"elementor-icon\">\n\t\t\t\t<svg aria-hidden=\"true\" class=\"e-font-icon-svg e-far-clock\" viewBox=\"0 0 512 512\" xmlns=\"http:\/\/www.w3.org\/2000\/svg\"><path d=\"M256 8C119 8 8 119 8 256s111 248 248 248 248-111 248-248S393 8 256 8zm0 448c-110.5 0-200-89.5-200-200S145.5 56 256 56s200 89.5 200 200-89.5 200-200 200zm61.8-104.4l-84.9-61.7c-3.1-2.3-4.9-5.9-4.9-9.7V116c0-6.6 5.4-12 12-12h32c6.6 0 12 5.4 12 12v141.7l66.8 48.6c5.4 3.9 6.5 11.4 2.6 16.8L334.6 349c-3.9 5.3-11.4 6.5-16.8 2.6z\"><\/path><\/svg>\t\t\t\t<\/span>\n\t\t\t<\/div>\n\t\t\t\n\t\t\t\t\t\t<div class=\"elementor-icon-box-content\">\n\n\t\t\t\t\t\t\t\t\t<div class=\"elementor-icon-box-title\">\n\t\t\t\t\t\t<span  >\n\t\t\t\t\t\t\tDu samedi au vendredi : Ouvert toute la semaine (heure du Caire).\t\t\t\t\t\t<\/span>\n\t\t\t\t\t<\/div>\n\t\t\t\t\n\t\t\t\t\t\t\t\t\t<p class=\"elementor-icon-box-description\">\n\t\t\t\t\t\tHeures d'ouverture\t\t\t\t\t<\/p>\n\t\t\t\t\n\t\t\t<\/div>\n\t\t\t\n\t\t<\/div>\n\t\t\t\t\t\t<\/div>\n\t\t\t\t<\/div>\n\t\t<div class=\"elementor-element elementor-element-21dc3c1 e-con-full e-flex e-con e-child\" data-id=\"21dc3c1\" data-element_type=\"container\">\n\t\t\t\t<div class=\"elementor-element elementor-element-0ecd449 elementor-widget-tablet__width-initial elementor-widget elementor-widget-form\" data-id=\"0ecd449\" data-element_type=\"widget\" data-settings=\"{&quot;step_next_label&quot;:&quot;Suivant&quot;,&quot;step_previous_label&quot;:&quot;Pr\\u00e9c\\u00e9dent&quot;,&quot;button_width&quot;:&quot;100&quot;,&quot;step_type&quot;:&quot;number_text&quot;,&quot;step_icon_shape&quot;:&quot;circle&quot;}\" data-widget_type=\"form.default\">\n\t\t\t\t\t\t\t<form class=\"elementor-form\" method=\"post\" name=\"Formulaire de demande\">\n\t\t\t<input type=\"hidden\" name=\"post_id\" value=\"3432\"\/>\n\t\t\t<input type=\"hidden\" name=\"form_id\" value=\"0ecd449\"\/>\n\t\t\t<input type=\"hidden\" name=\"referer_title\" value=\"Crew Commerce Global\" \/>\n\n\t\t\t\n\t\t\t<div class=\"elementor-form-fields-wrapper elementor-labels-\">\n\t\t\t\t\t\t\t\t<div class=\"elementor-field-type-html elementor-field-group elementor-column elementor-field-group-field_e709523 elementor-col-100\">\n\t\t\t\t\t<h3>Entrer en contact<\/h3>\nNous accordons une grande importance \u00e0 une communication claire et nous nous engageons \u00e0 fournir un support rapide et efficace. Veuillez utiliser l\u2019un des moyens suivants pour nous contacter : \t\t\t\t<\/div>\n\t\t\t\t\t\t\t\t<div class=\"elementor-field-type-text elementor-field-group elementor-column elementor-field-group-name elementor-col-50 elementor-field-required\">\n\t\t\t\t\t\t\t\t\t\t\t\t<label for=\"form-field-name\" class=\"elementor-field-label elementor-screen-only\">\n\t\t\t\t\t\t\t\tNom\t\t\t\t\t\t\t<\/label>\n\t\t\t\t\t\t\t\t\t\t\t\t\t\t<input size=\"1\" type=\"text\" name=\"form_fields[name]\" id=\"form-field-name\" class=\"elementor-field elementor-size-sm  elementor-field-textual\" placeholder=\"Nom\" required=\"required\">\n\t\t\t\t\t\t\t\t\t\t\t<\/div>\n\t\t\t\t\t\t\t\t<div class=\"elementor-field-type-tel elementor-field-group elementor-column elementor-field-group-phone elementor-col-50 elementor-field-required\">\n\t\t\t\t\t\t\t\t\t\t\t\t<label for=\"form-field-phone\" class=\"elementor-field-label elementor-screen-only\">\n\t\t\t\t\t\t\t\tT\u00e9l\u00e9phone\t\t\t\t\t\t\t<\/label>\n\t\t\t\t\t\t\t\t<input size=\"1\" type=\"tel\" name=\"form_fields[phone]\" id=\"form-field-phone\" class=\"elementor-field elementor-size-sm  elementor-field-textual\" placeholder=\"T\u00e9l\u00e9phone\" required=\"required\" pattern=\"[0-9()#&amp;+*-=.]+\" title=\"Only numbers and phone characters (#, -, *, etc) are accepted.\">\n\n\t\t\t\t\t\t<\/div>\n\t\t\t\t\t\t\t\t<div class=\"elementor-field-type-email elementor-field-group elementor-column elementor-field-group-email elementor-col-100 elementor-field-required\">\n\t\t\t\t\t\t\t\t\t\t\t\t<label for=\"form-field-email\" class=\"elementor-field-label elementor-screen-only\">\n\t\t\t\t\t\t\t\tE-mail\t\t\t\t\t\t\t<\/label>\n\t\t\t\t\t\t\t\t\t\t\t\t\t\t<input size=\"1\" type=\"email\" name=\"form_fields[email]\" id=\"form-field-email\" class=\"elementor-field elementor-size-sm  elementor-field-textual\" placeholder=\"E-mail\" required=\"required\">\n\t\t\t\t\t\t\t\t\t\t\t<\/div>\n\t\t\t\t\t\t\t\t<div class=\"elementor-field-type-textarea elementor-field-group elementor-column elementor-field-group-message elementor-col-100\">\n\t\t\t\t\t\t\t\t\t\t\t\t<label for=\"form-field-message\" class=\"elementor-field-label elementor-screen-only\">\n\t\t\t\t\t\t\t\tMessage\t\t\t\t\t\t\t<\/label>\n\t\t\t\t\t\t<textarea class=\"elementor-field-textual elementor-field  elementor-size-sm\" name=\"form_fields[message]\" id=\"form-field-message\" rows=\"3\" placeholder=\"Message\"><\/textarea>\t\t\t\t<\/div>\n\t\t\t\t\t\t\t\t<div class=\"elementor-field-type-recaptcha_v3 elementor-field-group elementor-column elementor-field-group-validation elementor-col-100 recaptcha_v3-bottomright\">\n\t\t\t\t\t<div class=\"elementor-field\" id=\"form-field-validation\"><div class=\"elementor-g-recaptcha\" data-sitekey=\"6LfPLw4rAAAAABUJ2hMzvmGgLRsGSdfgo7zTXW3B\" data-type=\"v3\" data-action=\"Form\" data-badge=\"bottomright\" data-size=\"invisible\"><\/div><\/div>\t\t\t\t<\/div>\n\t\t\t\t\t\t\t\t<div class=\"elementor-field-group elementor-column elementor-field-type-submit elementor-col-100 e-form__buttons\">\n\t\t\t\t\t<button class=\"elementor-button elementor-size-sm\" type=\"submit\">\n\t\t\t\t\t\t<span class=\"elementor-button-content-wrapper\">\n\t\t\t\t\t\t\t\t\t\t\t\t\t\t\t\t\t\t\t\t\t\t<span class=\"elementor-button-text\">Envoyer<\/span>\n\t\t\t\t\t\t\t\t\t\t\t\t\t<\/span>\n\t\t\t\t\t<\/button>\n\t\t\t\t<\/div>\n\t\t\t<\/div>\n\t\t<\/form>\n\t\t\t\t\t\t<\/div>\n\t\t\t\t<\/div>\n\t\t\t\t\t<\/div>\n\t\t\t\t<\/div>\n\t\t<div class=\"elementor-element elementor-element-2428aaa e-con-full e-flex e-con e-parent\" data-id=\"2428aaa\" data-element_type=\"container\">\n\t\t\t\t<div class=\"elementor-element elementor-element-e7da7ec elementor-widget elementor-widget-google_maps\" data-id=\"e7da7ec\" data-element_type=\"widget\" data-widget_type=\"google_maps.default\">\n\t\t\t\t\t\t\t<div class=\"elementor-custom-embed\">\n\t\t\t<iframe loading=\"lazy\"\n\t\t\t\t\tsrc=\"https:\/\/maps.google.com\/maps?q=90%20ST%2C%20Fifth%20Settlement%2C%20New%20Cairo%2C%20Cairo%2C%20Egypt&#038;t=m&#038;z=15&#038;output=embed&#038;iwloc=near\"\n\t\t\t\t\ttitle=\"90 ST, Fifth Settlement, New Cairo, Cairo, Egypt\"\n\t\t\t\t\taria-label=\"90 ST, Fifth Settlement, New Cairo, Cairo, Egypt\"\n\t\t\t><\/iframe>\n\t\t<\/div>\n\t\t\t\t\t\t<\/div>\n\t\t\t\t<\/div>\n\t\t\t\t<\/div>\n\t\t","protected":false},"excerpt":{"rendered":"<p>Contactez-nous Chez Crew Global Trading, nous sommes toujours pr\u00eats \u00e0 vous aider pour vos besoins en ressources min\u00e9rales. Que vous ayez des questions, souhaitiez discuter d\u2019une commande ou obtenir plus d\u2019informations sur nos produits et services, notre \u00e9quipe est \u00e0 votre disposition. Discutez avec nous Envoyez-nous un e-mail Adresse du si\u00e8ge social Heures d&rsquo;ouverture<\/p>\n","protected":false},"author":1,"featured_media":0,"parent":0,"menu_order":0,"comment_status":"closed","ping_status":"closed","template":"","meta":{"_acf_changed":false,"inline_featured_image":false,"footnotes":""},"class_list":["post-3432","page","type-page","status-publish","hentry"],"acf":[],"yoast_head":"<!-- This site is optimized with the Yoast SEO Premium plugin v25.0 (Yoast SEO v25.1) - https:\/\/yoast.com\/wordpress\/plugins\/seo\/ -->\n<title>Contactez-nous &#8902; Crew Commerce Global<\/title>\n<meta name=\"robots\" content=\"index, follow, max-snippet:-1, max-image-preview:large, max-video-preview:-1\" \/>\n<link rel=\"canonical\" href=\"https:\/\/crewglobaltrading.com\/fr\/contactez-nous\/\" \/>\n<meta property=\"og:locale\" content=\"fr_FR\" \/>\n<meta property=\"og:type\" content=\"article\" \/>\n<meta property=\"og:title\" content=\"Contactez-nous\" \/>\n<meta property=\"og:description\" content=\"Contactez-nous Chez Crew Global Trading, nous sommes toujours pr\u00eats \u00e0 vous aider pour vos besoins en ressources min\u00e9rales. Que vous ayez des questions, souhaitiez discuter d\u2019une commande ou obtenir plus d\u2019informations sur nos produits et services, notre \u00e9quipe est \u00e0 votre disposition. Discutez avec nous Envoyez-nous un e-mail Adresse du si\u00e8ge social Heures d&rsquo;ouverture\" \/>\n<meta property=\"og:url\" content=\"https:\/\/crewglobaltrading.com\/fr\/contactez-nous\/\" \/>\n<meta property=\"og:site_name\" content=\"Crew Commerce Global\" \/>\n<meta property=\"article:publisher\" content=\"https:\/\/www.facebook.com\/crewglobaltrading\" \/>\n<meta property=\"article:modified_time\" content=\"2025-06-22T18:02:10+00:00\" \/>\n<meta property=\"og:image\" content=\"https:\/\/crewglobaltrading.com\/wp-content\/uploads\/2025\/04\/seo.jpg\" \/>\n\t<meta property=\"og:image:width\" content=\"1200\" \/>\n\t<meta property=\"og:image:height\" content=\"675\" \/>\n\t<meta property=\"og:image:type\" content=\"image\/jpeg\" \/>\n<meta name=\"twitter:card\" content=\"summary_large_image\" \/>\n<script type=\"application\/ld+json\" class=\"yoast-schema-graph\">{\"@context\":\"https:\/\/schema.org\",\"@graph\":[{\"@type\":\"WebPage\",\"@id\":\"https:\/\/crewglobaltrading.com\/fr\/contactez-nous\/\",\"url\":\"https:\/\/crewglobaltrading.com\/fr\/contactez-nous\/\",\"name\":\"Contactez-nous &#8902; Crew Commerce Global\",\"isPartOf\":{\"@id\":\"https:\/\/crewglobaltrading.com\/fr\/#website\"},\"datePublished\":\"2025-04-06T13:47:53+00:00\",\"dateModified\":\"2025-06-22T18:02:10+00:00\",\"breadcrumb\":{\"@id\":\"https:\/\/crewglobaltrading.com\/fr\/contactez-nous\/#breadcrumb\"},\"inLanguage\":\"fr-FR\",\"potentialAction\":[{\"@type\":\"ReadAction\",\"target\":[\"https:\/\/crewglobaltrading.com\/fr\/contactez-nous\/\"]}]},{\"@type\":\"BreadcrumbList\",\"@id\":\"https:\/\/crewglobaltrading.com\/fr\/contactez-nous\/#breadcrumb\",\"itemListElement\":[{\"@type\":\"ListItem\",\"position\":1,\"name\":\"Accueil\",\"item\":\"https:\/\/crewglobaltrading.com\/fr\/accueil\/\"},{\"@type\":\"ListItem\",\"position\":2,\"name\":\"Contactez-nous\"}]},{\"@type\":\"WebSite\",\"@id\":\"https:\/\/crewglobaltrading.com\/fr\/#website\",\"url\":\"https:\/\/crewglobaltrading.com\/fr\/\",\"name\":\"CREW\",\"description\":\"Gateway to Mineral Resources and General Trading\",\"publisher\":{\"@id\":\"https:\/\/crewglobaltrading.com\/fr\/#organization\"},\"alternateName\":\"CREW\",\"potentialAction\":[{\"@type\":\"SearchAction\",\"target\":{\"@type\":\"EntryPoint\",\"urlTemplate\":\"https:\/\/crewglobaltrading.com\/fr\/?s={search_term_string}\"},\"query-input\":{\"@type\":\"PropertyValueSpecification\",\"valueRequired\":true,\"valueName\":\"search_term_string\"}}],\"inLanguage\":\"fr-FR\"},{\"@type\":\"Organization\",\"@id\":\"https:\/\/crewglobaltrading.com\/fr\/#organization\",\"name\":\"CREW\",\"alternateName\":\"CREW\",\"url\":\"https:\/\/crewglobaltrading.com\/fr\/\",\"logo\":{\"@type\":\"ImageObject\",\"inLanguage\":\"fr-FR\",\"@id\":\"https:\/\/crewglobaltrading.com\/fr\/#\/schema\/logo\/image\/\",\"url\":\"https:\/\/crewglobaltrading.com\/wp-content\/uploads\/2025\/04\/logo.jpg\",\"contentUrl\":\"https:\/\/crewglobaltrading.com\/wp-content\/uploads\/2025\/04\/logo.jpg\",\"width\":512,\"height\":451,\"caption\":\"CREW\"},\"image\":{\"@id\":\"https:\/\/crewglobaltrading.com\/fr\/#\/schema\/logo\/image\/\"},\"sameAs\":[\"https:\/\/www.facebook.com\/crewglobaltrading\",\"https:\/\/www.instagram.com\/crewglobaltrading\/\"],\"taxID\":\"767-781-244\"}]}<\/script>\n<!-- \/ Yoast SEO Premium plugin. -->","yoast_head_json":{"title":"Contactez-nous &#8902; Crew Commerce Global","robots":{"index":"index","follow":"follow","max-snippet":"max-snippet:-1","max-image-preview":"max-image-preview:large","max-video-preview":"max-video-preview:-1"},"canonical":"https:\/\/crewglobaltrading.com\/fr\/contactez-nous\/","og_locale":"fr_FR","og_type":"article","og_title":"Contactez-nous","og_description":"Contactez-nous Chez Crew Global Trading, nous sommes toujours pr\u00eats \u00e0 vous aider pour vos besoins en ressources min\u00e9rales. Que vous ayez des questions, souhaitiez discuter d\u2019une commande ou obtenir plus d\u2019informations sur nos produits et services, notre \u00e9quipe est \u00e0 votre disposition. Discutez avec nous Envoyez-nous un e-mail Adresse du si\u00e8ge social Heures d&rsquo;ouverture","og_url":"https:\/\/crewglobaltrading.com\/fr\/contactez-nous\/","og_site_name":"Crew Commerce Global","article_publisher":"https:\/\/www.facebook.com\/crewglobaltrading","article_modified_time":"2025-06-22T18:02:10+00:00","og_image":[{"width":1200,"height":675,"url":"https:\/\/crewglobaltrading.com\/wp-content\/uploads\/2025\/04\/seo.jpg","type":"image\/jpeg"}],"twitter_card":"summary_large_image","schema":{"@context":"https:\/\/schema.org","@graph":[{"@type":"WebPage","@id":"https:\/\/crewglobaltrading.com\/fr\/contactez-nous\/","url":"https:\/\/crewglobaltrading.com\/fr\/contactez-nous\/","name":"Contactez-nous &#8902; Crew Commerce Global","isPartOf":{"@id":"https:\/\/crewglobaltrading.com\/fr\/#website"},"datePublished":"2025-04-06T13:47:53+00:00","dateModified":"2025-06-22T18:02:10+00:00","breadcrumb":{"@id":"https:\/\/crewglobaltrading.com\/fr\/contactez-nous\/#breadcrumb"},"inLanguage":"fr-FR","potentialAction":[{"@type":"ReadAction","target":["https:\/\/crewglobaltrading.com\/fr\/contactez-nous\/"]}]},{"@type":"BreadcrumbList","@id":"https:\/\/crewglobaltrading.com\/fr\/contactez-nous\/#breadcrumb","itemListElement":[{"@type":"ListItem","position":1,"name":"Accueil","item":"https:\/\/crewglobaltrading.com\/fr\/accueil\/"},{"@type":"ListItem","position":2,"name":"Contactez-nous"}]},{"@type":"WebSite","@id":"https:\/\/crewglobaltrading.com\/fr\/#website","url":"https:\/\/crewglobaltrading.com\/fr\/","name":"CREW","description":"Gateway to Mineral Resources and General Trading","publisher":{"@id":"https:\/\/crewglobaltrading.com\/fr\/#organization"},"alternateName":"CREW","potentialAction":[{"@type":"SearchAction","target":{"@type":"EntryPoint","urlTemplate":"https:\/\/crewglobaltrading.com\/fr\/?s={search_term_string}"},"query-input":{"@type":"PropertyValueSpecification","valueRequired":true,"valueName":"search_term_string"}}],"inLanguage":"fr-FR"},{"@type":"Organization","@id":"https:\/\/crewglobaltrading.com\/fr\/#organization","name":"CREW","alternateName":"CREW","url":"https:\/\/crewglobaltrading.com\/fr\/","logo":{"@type":"ImageObject","inLanguage":"fr-FR","@id":"https:\/\/crewglobaltrading.com\/fr\/#\/schema\/logo\/image\/","url":"https:\/\/crewglobaltrading.com\/wp-content\/uploads\/2025\/04\/logo.jpg","contentUrl":"https:\/\/crewglobaltrading.com\/wp-content\/uploads\/2025\/04\/logo.jpg","width":512,"height":451,"caption":"CREW"},"image":{"@id":"https:\/\/crewglobaltrading.com\/fr\/#\/schema\/logo\/image\/"},"sameAs":["https:\/\/www.facebook.com\/crewglobaltrading","https:\/\/www.instagram.com\/crewglobaltrading\/"],"taxID":"767-781-244"}]}},"_links":{"self":[{"href":"https:\/\/crewglobaltrading.com\/fr\/wp-json\/wp\/v2\/pages\/3432","targetHints":{"allow":["GET"]}}],"collection":[{"href":"https:\/\/crewglobaltrading.com\/fr\/wp-json\/wp\/v2\/pages"}],"about":[{"href":"https:\/\/crewglobaltrading.com\/fr\/wp-json\/wp\/v2\/types\/page"}],"author":[{"embeddable":true,"href":"https:\/\/crewglobaltrading.com\/fr\/wp-json\/wp\/v2\/users\/1"}],"replies":[{"embeddable":true,"href":"https:\/\/crewglobaltrading.com\/fr\/wp-json\/wp\/v2\/comments?post=3432"}],"version-history":[{"count":1,"href":"https:\/\/crewglobaltrading.com\/fr\/wp-json\/wp\/v2\/pages\/3432\/revisions"}],"predecessor-version":[{"id":3433,"href":"https:\/\/crewglobaltrading.com\/fr\/wp-json\/wp\/v2\/pages\/3432\/revisions\/3433"}],"wp:attachment":[{"href":"https:\/\/crewglobaltrading.com\/fr\/wp-json\/wp\/v2\/media?parent=3432"}],"curies":[{"name":"wp","href":"https:\/\/api.w.org\/{rel}","templated":true}]}}