{"id":2766,"date":"2025-04-06T15:49:46","date_gmt":"2025-04-06T13:49:46","guid":{"rendered":"https:\/\/crewglobaltrading.com\/kerko-nje-oferte\/"},"modified":"2025-05-19T01:30:09","modified_gmt":"2025-05-18T23:30:09","slug":"kerko-nje-oferte","status":"publish","type":"page","link":"https:\/\/crewglobaltrading.com\/sq\/kerko-nje-oferte\/","title":{"rendered":"K\u00ebrko nj\u00eb ofert\u00eb"},"content":{"rendered":"\t\t<div data-elementor-type=\"wp-page\" data-elementor-id=\"2766\" class=\"elementor elementor-2766 elementor-52\" data-elementor-post-type=\"page\">\n\t\t\t\t<div class=\"elementor-element elementor-element-0d83022 e-flex e-con-boxed e-con e-parent\" data-id=\"0d83022\" data-element_type=\"container\" data-settings=\"{&quot;background_background&quot;:&quot;classic&quot;}\">\n\t\t\t\t\t<div class=\"e-con-inner\">\n\t\t\t\t<div class=\"elementor-element elementor-element-8a75d91 elementor-widget-tablet__width-initial elementor-widget__width-initial elementor-widget elementor-widget-form\" data-id=\"8a75d91\" data-element_type=\"widget\" data-settings=\"{&quot;step_next_label&quot;:&quot;Tjetra&quot;,&quot;step_previous_label&quot;:&quot;I m\\u00ebparsh\\u00ebm&quot;,&quot;button_width&quot;:&quot;100&quot;,&quot;step_type&quot;:&quot;number_text&quot;,&quot;step_icon_shape&quot;:&quot;circle&quot;}\" data-widget_type=\"form.default\">\n\t\t\t\t\t\t\t<form class=\"elementor-form\" method=\"post\" name=\"Formular K\u00ebrkese\">\n\t\t\t<input type=\"hidden\" name=\"post_id\" value=\"2766\"\/>\n\t\t\t<input type=\"hidden\" name=\"form_id\" value=\"8a75d91\"\/>\n\t\t\t<input type=\"hidden\" name=\"referer_title\" value=\"Crew Tregtia Globale\" \/>\n\n\t\t\t\n\t\t\t<div class=\"elementor-form-fields-wrapper elementor-labels-\">\n\t\t\t\t\t\t\t\t<div class=\"elementor-field-type-html elementor-field-group elementor-column elementor-field-group-field_e709523 elementor-col-100\">\n\t\t\t\t\t<h3 style=\"margin-bottom: 0;\">K\u00ebrko nj\u00eb ofert\u00eb<\/h3>\t\t\t\t<\/div>\n\t\t\t\t\t\t\t\t<div class=\"elementor-field-type-text elementor-field-group elementor-column elementor-field-group-name elementor-col-50 elementor-field-required\">\n\t\t\t\t\t\t\t\t\t\t\t\t<label for=\"form-field-name\" class=\"elementor-field-label elementor-screen-only\">\n\t\t\t\t\t\t\t\tEmri\t\t\t\t\t\t\t<\/label>\n\t\t\t\t\t\t\t\t\t\t\t\t\t\t<input size=\"1\" type=\"text\" name=\"form_fields[name]\" id=\"form-field-name\" class=\"elementor-field elementor-size-sm  elementor-field-textual\" placeholder=\"Emri\" required=\"required\">\n\t\t\t\t\t\t\t\t\t\t\t<\/div>\n\t\t\t\t\t\t\t\t<div class=\"elementor-field-type-tel elementor-field-group elementor-column elementor-field-group-phone elementor-col-50 elementor-field-required\">\n\t\t\t\t\t\t\t\t\t\t\t\t<label for=\"form-field-phone\" class=\"elementor-field-label elementor-screen-only\">\n\t\t\t\t\t\t\t\tTelefoni\t\t\t\t\t\t\t<\/label>\n\t\t\t\t\t\t\t\t<input size=\"1\" type=\"tel\" name=\"form_fields[phone]\" id=\"form-field-phone\" class=\"elementor-field elementor-size-sm  elementor-field-textual\" placeholder=\"Telefoni\" required=\"required\" pattern=\"[0-9()#&amp;+*-=.]+\" title=\"Only numbers and phone characters (#, -, *, etc) are accepted.\">\n\n\t\t\t\t\t\t<\/div>\n\t\t\t\t\t\t\t\t<div class=\"elementor-field-type-email elementor-field-group elementor-column elementor-field-group-email elementor-col-100 elementor-field-required\">\n\t\t\t\t\t\t\t\t\t\t\t\t<label for=\"form-field-email\" class=\"elementor-field-label elementor-screen-only\">\n\t\t\t\t\t\t\t\tAdresa e Email-it\t\t\t\t\t\t\t<\/label>\n\t\t\t\t\t\t\t\t\t\t\t\t\t\t<input size=\"1\" type=\"email\" name=\"form_fields[email]\" id=\"form-field-email\" class=\"elementor-field elementor-size-sm  elementor-field-textual\" placeholder=\"Adresa e Email-it\" required=\"required\">\n\t\t\t\t\t\t\t\t\t\t\t<\/div>\n\t\t\t\t\t\t\t\t<div class=\"elementor-field-type-select elementor-field-group elementor-column elementor-field-group-service_product elementor-col-100 elementor-field-required\">\n\t\t\t\t\t\t\t\t\t\t\t\t<label for=\"form-field-service_product\" class=\"elementor-field-label elementor-screen-only\">\n\t\t\t\t\t\t\t\tSh\u00ebrbim &amp; Produkt\t\t\t\t\t\t\t<\/label>\n\t\t\t\t\t\t\t\t<div class=\"elementor-field elementor-select-wrapper remove-before \">\n\t\t\t<div class=\"select-caret-down-wrapper\">\n\t\t\t\t<svg aria-hidden=\"true\" class=\"e-font-icon-svg e-eicon-caret-down\" viewBox=\"0 0 571.4 571.4\" xmlns=\"http:\/\/www.w3.org\/2000\/svg\"><path d=\"M571 393Q571 407 561 418L311 668Q300 679 286 679T261 668L11 418Q0 407 0 393T11 368 36 357H536Q550 357 561 368T571 393Z\"><\/path><\/svg>\t\t\t<\/div>\n\t\t\t<select name=\"form_fields[service_product]\" id=\"form-field-service_product\" class=\"elementor-field-textual elementor-size-sm\" required=\"required\">\n\t\t\t\t\t\t\t\t\t<option value=\"\">-- Sh\u00ebrbimet &amp; Produktet --<\/option>\n\t\t\t\t\t\t\t\t\t<option value=\"Furnizim me r\u00ebr\u00eb silik\u00eb\">Furnizim me r\u00ebr\u00eb silik\u00eb<\/option>\n\t\t\t\t\t\t\t\t\t<option value=\"Furnizim me r\u00ebr\u00eb t\u00eb bardh\u00eb\">Furnizim me r\u00ebr\u00eb t\u00eb bardh\u00eb<\/option>\n\t\t\t\t\t\t\t\t\t<option value=\"Furnizim me krip\u00eb guri\">Furnizim me krip\u00eb guri<\/option>\n\t\t\t\t\t\t\t\t\t<option value=\"Furnizim me mermer\">Furnizim me mermer<\/option>\n\t\t\t\t\t\t\t\t\t<option value=\"Furnizim me granit\">Furnizim me granit<\/option>\n\t\t\t\t\t\t\t\t\t<option value=\"Furnizim me klinker\">Furnizim me klinker<\/option>\n\t\t\t\t\t\t\t<\/select>\n\t\t<\/div>\n\t\t\t\t\t\t<\/div>\n\t\t\t\t\t\t\t\t<div class=\"elementor-field-type-textarea elementor-field-group elementor-column elementor-field-group-notes elementor-col-100\">\n\t\t\t\t\t\t\t\t\t\t\t\t<label for=\"form-field-notes\" class=\"elementor-field-label elementor-screen-only\">\n\t\t\t\t\t\t\t\tSh\u00ebnime\t\t\t\t\t\t\t<\/label>\n\t\t\t\t\t\t<textarea class=\"elementor-field-textual elementor-field  elementor-size-sm\" name=\"form_fields[notes]\" id=\"form-field-notes\" rows=\"3\" placeholder=\"Sh\u00ebnime\"><\/textarea>\t\t\t\t<\/div>\n\t\t\t\t\t\t\t\t<div class=\"elementor-field-type-recaptcha_v3 elementor-field-group elementor-column elementor-field-group-Validation elementor-col-100 recaptcha_v3-bottomright\">\n\t\t\t\t\t<div class=\"elementor-field\" id=\"form-field-Validation\"><div class=\"elementor-g-recaptcha\" data-sitekey=\"6LfPLw4rAAAAABUJ2hMzvmGgLRsGSdfgo7zTXW3B\" data-type=\"v3\" data-action=\"Form\" data-badge=\"bottomright\" data-size=\"invisible\"><\/div><\/div>\t\t\t\t<\/div>\n\t\t\t\t\t\t\t\t<div class=\"elementor-field-group elementor-column elementor-field-type-submit elementor-col-100 e-form__buttons\">\n\t\t\t\t\t<button class=\"elementor-button elementor-size-sm\" type=\"submit\">\n\t\t\t\t\t\t<span class=\"elementor-button-content-wrapper\">\n\t\t\t\t\t\t\t\t\t\t\t\t\t\t\t\t\t\t\t\t\t\t<span class=\"elementor-button-text\">D\u00ebrgo<\/span>\n\t\t\t\t\t\t\t\t\t\t\t\t\t<\/span>\n\t\t\t\t\t<\/button>\n\t\t\t\t<\/div>\n\t\t\t<\/div>\n\t\t<\/form>\n\t\t\t\t\t\t<\/div>\n\t\t\t\t\t<\/div>\n\t\t\t\t<\/div>\n\t\t\t\t<\/div>\n\t\t","protected":false},"excerpt":{"rendered":"","protected":false},"author":1,"featured_media":0,"parent":0,"menu_order":0,"comment_status":"closed","ping_status":"closed","template":"","meta":{"_acf_changed":false,"inline_featured_image":false,"footnotes":""},"class_list":["post-2766","page","type-page","status-publish","hentry"],"acf":[],"yoast_head":"<!-- This site is optimized with the Yoast SEO Premium plugin v25.0 (Yoast SEO v25.1) - https:\/\/yoast.com\/wordpress\/plugins\/seo\/ -->\n<title>K\u00ebrko nj\u00eb ofert\u00eb &#8902; Crew Tregtia Globale<\/title>\n<meta name=\"robots\" content=\"index, follow, max-snippet:-1, max-image-preview:large, max-video-preview:-1\" \/>\n<link rel=\"canonical\" href=\"https:\/\/crewglobaltrading.com\/sq\/kerko-nje-oferte\/\" \/>\n<meta property=\"og:locale\" content=\"sq_AL\" \/>\n<meta property=\"og:type\" content=\"article\" \/>\n<meta property=\"og:title\" content=\"K\u00ebrko nj\u00eb ofert\u00eb\" \/>\n<meta property=\"og:url\" content=\"https:\/\/crewglobaltrading.com\/sq\/kerko-nje-oferte\/\" \/>\n<meta property=\"og:site_name\" content=\"Crew Tregtia Globale\" \/>\n<meta property=\"article:publisher\" content=\"https:\/\/www.facebook.com\/crewglobaltrading\" \/>\n<meta property=\"article:modified_time\" content=\"2025-05-18T23:30:09+00:00\" \/>\n<meta property=\"og:image\" content=\"https:\/\/crewglobaltrading.com\/wp-content\/uploads\/2025\/04\/seo.jpg\" \/>\n\t<meta property=\"og:image:width\" content=\"1200\" \/>\n\t<meta property=\"og:image:height\" content=\"675\" \/>\n\t<meta property=\"og:image:type\" content=\"image\/jpeg\" \/>\n<meta name=\"twitter:card\" content=\"summary_large_image\" \/>\n<script type=\"application\/ld+json\" class=\"yoast-schema-graph\">{\"@context\":\"https:\/\/schema.org\",\"@graph\":[{\"@type\":\"WebPage\",\"@id\":\"https:\/\/crewglobaltrading.com\/sq\/kerko-nje-oferte\/\",\"url\":\"https:\/\/crewglobaltrading.com\/sq\/kerko-nje-oferte\/\",\"name\":\"K\u00ebrko nj\u00eb ofert\u00eb &#8902; Crew Tregtia Globale\",\"isPartOf\":{\"@id\":\"https:\/\/crewglobaltrading.com\/sq\/#website\"},\"datePublished\":\"2025-04-06T13:49:46+00:00\",\"dateModified\":\"2025-05-18T23:30:09+00:00\",\"breadcrumb\":{\"@id\":\"https:\/\/crewglobaltrading.com\/sq\/kerko-nje-oferte\/#breadcrumb\"},\"inLanguage\":\"sq-AL\",\"potentialAction\":[{\"@type\":\"ReadAction\",\"target\":[\"https:\/\/crewglobaltrading.com\/sq\/kerko-nje-oferte\/\"]}]},{\"@type\":\"BreadcrumbList\",\"@id\":\"https:\/\/crewglobaltrading.com\/sq\/kerko-nje-oferte\/#breadcrumb\",\"itemListElement\":[{\"@type\":\"ListItem\",\"position\":1,\"name\":\"Faqja Kryesore\",\"item\":\"https:\/\/crewglobaltrading.com\/sq\/shtepi\/\"},{\"@type\":\"ListItem\",\"position\":2,\"name\":\"K\u00ebrko nj\u00eb ofert\u00eb\"}]},{\"@type\":\"WebSite\",\"@id\":\"https:\/\/crewglobaltrading.com\/sq\/#website\",\"url\":\"https:\/\/crewglobaltrading.com\/sq\/\",\"name\":\"CREW\",\"description\":\"Port\u00eb p\u00ebr burimet minerale dhe tregtin\u00eb e p\u00ebrgjithshme\",\"publisher\":{\"@id\":\"https:\/\/crewglobaltrading.com\/sq\/#organization\"},\"alternateName\":\"CREW\",\"potentialAction\":[{\"@type\":\"SearchAction\",\"target\":{\"@type\":\"EntryPoint\",\"urlTemplate\":\"https:\/\/crewglobaltrading.com\/sq\/?s={search_term_string}\"},\"query-input\":{\"@type\":\"PropertyValueSpecification\",\"valueRequired\":true,\"valueName\":\"search_term_string\"}}],\"inLanguage\":\"sq-AL\"},{\"@type\":\"Organization\",\"@id\":\"https:\/\/crewglobaltrading.com\/sq\/#organization\",\"name\":\"CREW\",\"alternateName\":\"CREW\",\"url\":\"https:\/\/crewglobaltrading.com\/sq\/\",\"logo\":{\"@type\":\"ImageObject\",\"inLanguage\":\"sq-AL\",\"@id\":\"https:\/\/crewglobaltrading.com\/sq\/#\/schema\/logo\/image\/\",\"url\":\"https:\/\/crewglobaltrading.com\/wp-content\/uploads\/2025\/04\/logo.jpg\",\"contentUrl\":\"https:\/\/crewglobaltrading.com\/wp-content\/uploads\/2025\/04\/logo.jpg\",\"width\":512,\"height\":451,\"caption\":\"CREW\"},\"image\":{\"@id\":\"https:\/\/crewglobaltrading.com\/sq\/#\/schema\/logo\/image\/\"},\"sameAs\":[\"https:\/\/www.facebook.com\/crewglobaltrading\",\"https:\/\/www.instagram.com\/crewglobaltrading\/\"],\"taxID\":\"767-781-244\"}]}<\/script>\n<!-- \/ Yoast SEO Premium plugin. -->","yoast_head_json":{"title":"K\u00ebrko nj\u00eb ofert\u00eb &#8902; Crew Tregtia Globale","robots":{"index":"index","follow":"follow","max-snippet":"max-snippet:-1","max-image-preview":"max-image-preview:large","max-video-preview":"max-video-preview:-1"},"canonical":"https:\/\/crewglobaltrading.com\/sq\/kerko-nje-oferte\/","og_locale":"sq_AL","og_type":"article","og_title":"K\u00ebrko nj\u00eb ofert\u00eb","og_url":"https:\/\/crewglobaltrading.com\/sq\/kerko-nje-oferte\/","og_site_name":"Crew Tregtia Globale","article_publisher":"https:\/\/www.facebook.com\/crewglobaltrading","article_modified_time":"2025-05-18T23:30:09+00:00","og_image":[{"width":1200,"height":675,"url":"https:\/\/crewglobaltrading.com\/wp-content\/uploads\/2025\/04\/seo.jpg","type":"image\/jpeg"}],"twitter_card":"summary_large_image","schema":{"@context":"https:\/\/schema.org","@graph":[{"@type":"WebPage","@id":"https:\/\/crewglobaltrading.com\/sq\/kerko-nje-oferte\/","url":"https:\/\/crewglobaltrading.com\/sq\/kerko-nje-oferte\/","name":"K\u00ebrko nj\u00eb ofert\u00eb &#8902; Crew Tregtia Globale","isPartOf":{"@id":"https:\/\/crewglobaltrading.com\/sq\/#website"},"datePublished":"2025-04-06T13:49:46+00:00","dateModified":"2025-05-18T23:30:09+00:00","breadcrumb":{"@id":"https:\/\/crewglobaltrading.com\/sq\/kerko-nje-oferte\/#breadcrumb"},"inLanguage":"sq-AL","potentialAction":[{"@type":"ReadAction","target":["https:\/\/crewglobaltrading.com\/sq\/kerko-nje-oferte\/"]}]},{"@type":"BreadcrumbList","@id":"https:\/\/crewglobaltrading.com\/sq\/kerko-nje-oferte\/#breadcrumb","itemListElement":[{"@type":"ListItem","position":1,"name":"Faqja Kryesore","item":"https:\/\/crewglobaltrading.com\/sq\/shtepi\/"},{"@type":"ListItem","position":2,"name":"K\u00ebrko nj\u00eb ofert\u00eb"}]},{"@type":"WebSite","@id":"https:\/\/crewglobaltrading.com\/sq\/#website","url":"https:\/\/crewglobaltrading.com\/sq\/","name":"CREW","description":"Port\u00eb p\u00ebr burimet minerale dhe tregtin\u00eb e p\u00ebrgjithshme","publisher":{"@id":"https:\/\/crewglobaltrading.com\/sq\/#organization"},"alternateName":"CREW","potentialAction":[{"@type":"SearchAction","target":{"@type":"EntryPoint","urlTemplate":"https:\/\/crewglobaltrading.com\/sq\/?s={search_term_string}"},"query-input":{"@type":"PropertyValueSpecification","valueRequired":true,"valueName":"search_term_string"}}],"inLanguage":"sq-AL"},{"@type":"Organization","@id":"https:\/\/crewglobaltrading.com\/sq\/#organization","name":"CREW","alternateName":"CREW","url":"https:\/\/crewglobaltrading.com\/sq\/","logo":{"@type":"ImageObject","inLanguage":"sq-AL","@id":"https:\/\/crewglobaltrading.com\/sq\/#\/schema\/logo\/image\/","url":"https:\/\/crewglobaltrading.com\/wp-content\/uploads\/2025\/04\/logo.jpg","contentUrl":"https:\/\/crewglobaltrading.com\/wp-content\/uploads\/2025\/04\/logo.jpg","width":512,"height":451,"caption":"CREW"},"image":{"@id":"https:\/\/crewglobaltrading.com\/sq\/#\/schema\/logo\/image\/"},"sameAs":["https:\/\/www.facebook.com\/crewglobaltrading","https:\/\/www.instagram.com\/crewglobaltrading\/"],"taxID":"767-781-244"}]}},"_links":{"self":[{"href":"https:\/\/crewglobaltrading.com\/sq\/wp-json\/wp\/v2\/pages\/2766","targetHints":{"allow":["GET"]}}],"collection":[{"href":"https:\/\/crewglobaltrading.com\/sq\/wp-json\/wp\/v2\/pages"}],"about":[{"href":"https:\/\/crewglobaltrading.com\/sq\/wp-json\/wp\/v2\/types\/page"}],"author":[{"embeddable":true,"href":"https:\/\/crewglobaltrading.com\/sq\/wp-json\/wp\/v2\/users\/1"}],"replies":[{"embeddable":true,"href":"https:\/\/crewglobaltrading.com\/sq\/wp-json\/wp\/v2\/comments?post=2766"}],"version-history":[{"count":0,"href":"https:\/\/crewglobaltrading.com\/sq\/wp-json\/wp\/v2\/pages\/2766\/revisions"}],"wp:attachment":[{"href":"https:\/\/crewglobaltrading.com\/sq\/wp-json\/wp\/v2\/media?parent=2766"}],"curies":[{"name":"wp","href":"https:\/\/api.w.org\/{rel}","templated":true}]}}