{"id":2768,"date":"2025-04-06T15:49:15","date_gmt":"2025-04-06T13:49:15","guid":{"rendered":"https:\/\/crewglobaltrading.com\/pyetjet-e-shpeshta\/"},"modified":"2025-05-19T01:35:05","modified_gmt":"2025-05-18T23:35:05","slug":"pyetjet-e-shpeshta","status":"publish","type":"page","link":"https:\/\/crewglobaltrading.com\/sq\/pyetjet-e-shpeshta\/","title":{"rendered":"Pyetjet e Shpeshta"},"content":{"rendered":"\t\t<div data-elementor-type=\"wp-page\" data-elementor-id=\"2768\" class=\"elementor elementor-2768 elementor-49\" data-elementor-post-type=\"page\">\n\t\t\t\t<div class=\"elementor-element elementor-element-64b0cc3 e-flex e-con-boxed e-con e-parent\" data-id=\"64b0cc3\" data-element_type=\"container\">\n\t\t\t\t\t<div class=\"e-con-inner\">\n\t\t\t\t<div class=\"elementor-element elementor-element-c5257dd elementor-widget__width-initial elementor-widget elementor-widget-n-accordion\" data-id=\"c5257dd\" data-element_type=\"widget\" data-settings=\"{&quot;default_state&quot;:&quot;expanded&quot;,&quot;max_items_expended&quot;:&quot;one&quot;,&quot;n_accordion_animation_duration&quot;:{&quot;unit&quot;:&quot;ms&quot;,&quot;size&quot;:400,&quot;sizes&quot;:[]}}\" data-widget_type=\"nested-accordion.default\">\n\t\t\t\t\t\t\t<div class=\"e-n-accordion\" aria-label=\"Accordion. Open links with Enter or Space, close with Escape, and navigate with Arrow Keys\">\n\t\t\t\t\t\t<details id=\"e-n-accordion-item-2060\" class=\"e-n-accordion-item\" open>\n\t\t\t\t<summary class=\"e-n-accordion-item-title\" data-accordion-index=\"1\" tabindex=\"0\" aria-expanded=\"true\" aria-controls=\"e-n-accordion-item-2060\" >\n\t\t\t\t\t<span class='e-n-accordion-item-title-header'><div class=\"e-n-accordion-item-title-text\"> Si mund t\u00eb marr nj\u00eb ofert\u00eb? <\/div><\/span>\n\t\t\t\t\t\t\t<span class='e-n-accordion-item-title-icon'>\n\t\t\t<span class='e-opened' ><svg aria-hidden=\"true\" class=\"e-font-icon-svg e-fas-minus\" viewBox=\"0 0 448 512\" xmlns=\"http:\/\/www.w3.org\/2000\/svg\"><path d=\"M416 208H32c-17.67 0-32 14.33-32 32v32c0 17.67 14.33 32 32 32h384c17.67 0 32-14.33 32-32v-32c0-17.67-14.33-32-32-32z\"><\/path><\/svg><\/span>\n\t\t\t<span class='e-closed'><svg aria-hidden=\"true\" class=\"e-font-icon-svg e-fas-plus\" viewBox=\"0 0 448 512\" xmlns=\"http:\/\/www.w3.org\/2000\/svg\"><path d=\"M416 208H272V64c0-17.67-14.33-32-32-32h-32c-17.67 0-32 14.33-32 32v144H32c-17.67 0-32 14.33-32 32v32c0 17.67 14.33 32 32 32h144v144c0 17.67 14.33 32 32 32h32c17.67 0 32-14.33 32-32V304h144c17.67 0 32-14.33 32-32v-32c0-17.67-14.33-32-32-32z\"><\/path><\/svg><\/span>\n\t\t<\/span>\n\n\t\t\t\t\t\t<\/summary>\n\t\t\t\t<div role=\"region\" aria-labelledby=\"e-n-accordion-item-2060\" class=\"elementor-element elementor-element-129fca7 e-con-full e-flex e-con e-child\" data-id=\"129fca7\" data-element_type=\"container\">\n\t\t\t\t<div class=\"elementor-element elementor-element-491c0a4 elementor-widget elementor-widget-text-editor\" data-id=\"491c0a4\" data-element_type=\"widget\" data-widget_type=\"text-editor.default\">\n\t\t\t\t\t\t\t\t\tNa kontaktoni p\u00ebrmes faqes son\u00eb n\u00eb internet, dhe ekipi yn\u00eb do t\u2019ju ofroj\u00eb nj\u00eb ofert\u00eb konkurruese bazuar n\u00eb k\u00ebrkesat tuaja.\t\t\t\t\t\t\t\t<\/div>\n\t\t\t\t<\/div>\n\t\t\t\t\t<\/details>\n\t\t\t\t\t\t<details id=\"e-n-accordion-item-2061\" class=\"e-n-accordion-item\" >\n\t\t\t\t<summary class=\"e-n-accordion-item-title\" data-accordion-index=\"2\" tabindex=\"-1\" aria-expanded=\"false\" aria-controls=\"e-n-accordion-item-2061\" >\n\t\t\t\t\t<span class='e-n-accordion-item-title-header'><div class=\"e-n-accordion-item-title-text\"> A ofroni transport nd\u00ebrkomb\u00ebtar? <\/div><\/span>\n\t\t\t\t\t\t\t<span class='e-n-accordion-item-title-icon'>\n\t\t\t<span class='e-opened' ><svg aria-hidden=\"true\" class=\"e-font-icon-svg e-fas-minus\" viewBox=\"0 0 448 512\" xmlns=\"http:\/\/www.w3.org\/2000\/svg\"><path d=\"M416 208H32c-17.67 0-32 14.33-32 32v32c0 17.67 14.33 32 32 32h384c17.67 0 32-14.33 32-32v-32c0-17.67-14.33-32-32-32z\"><\/path><\/svg><\/span>\n\t\t\t<span class='e-closed'><svg aria-hidden=\"true\" class=\"e-font-icon-svg e-fas-plus\" viewBox=\"0 0 448 512\" xmlns=\"http:\/\/www.w3.org\/2000\/svg\"><path d=\"M416 208H272V64c0-17.67-14.33-32-32-32h-32c-17.67 0-32 14.33-32 32v144H32c-17.67 0-32 14.33-32 32v32c0 17.67 14.33 32 32 32h144v144c0 17.67 14.33 32 32 32h32c17.67 0 32-14.33 32-32V304h144c17.67 0 32-14.33 32-32v-32c0-17.67-14.33-32-32-32z\"><\/path><\/svg><\/span>\n\t\t<\/span>\n\n\t\t\t\t\t\t<\/summary>\n\t\t\t\t<div role=\"region\" aria-labelledby=\"e-n-accordion-item-2061\" class=\"elementor-element elementor-element-31ffdd0 e-con-full e-flex e-con e-child\" data-id=\"31ffdd0\" data-element_type=\"container\">\n\t\t\t\t<div class=\"elementor-element elementor-element-18e55bc elementor-widget elementor-widget-text-editor\" data-id=\"18e55bc\" data-element_type=\"widget\" data-widget_type=\"text-editor.default\">\n\t\t\t\t\t\t\t\t\tPo, ne ofrojm\u00eb mb\u00ebshtetje logjistike globale p\u00ebr t\u00eb siguruar dor\u00ebzimin n\u00eb koh\u00eb t\u00eb burimeve tuaja minerale.\t\t\t\t\t\t\t\t<\/div>\n\t\t\t\t<\/div>\n\t\t\t\t\t<\/details>\n\t\t\t\t\t<\/div>\n\t\t\t\t\t\t<\/div>\n\t\t\t\t\t<\/div>\n\t\t\t\t<\/div>\n\t\t\t\t<\/div>\n\t\t","protected":false},"excerpt":{"rendered":"<p>Si mund t\u00eb marr nj\u00eb ofert\u00eb? Na kontaktoni p\u00ebrmes faqes son\u00eb n\u00eb internet, dhe ekipi yn\u00eb do t\u2019ju ofroj\u00eb nj\u00eb ofert\u00eb konkurruese bazuar n\u00eb k\u00ebrkesat tuaja. A ofroni transport nd\u00ebrkomb\u00ebtar? Po, ne ofrojm\u00eb mb\u00ebshtetje logjistike globale p\u00ebr t\u00eb siguruar dor\u00ebzimin n\u00eb koh\u00eb t\u00eb burimeve tuaja minerale. Na kontaktoni p\u00ebrmes faqes son\u00eb n\u00eb internet, dhe ekipi [&hellip;]<\/p>\n","protected":false},"author":1,"featured_media":0,"parent":0,"menu_order":0,"comment_status":"closed","ping_status":"closed","template":"","meta":{"_acf_changed":false,"inline_featured_image":false,"footnotes":""},"class_list":["post-2768","page","type-page","status-publish","hentry"],"acf":[],"yoast_head":"<!-- This site is optimized with the Yoast SEO Premium plugin v25.0 (Yoast SEO v25.1) - https:\/\/yoast.com\/wordpress\/plugins\/seo\/ -->\n<title>Pyetjet e Shpeshta &#8902; Crew Tregtia Globale<\/title>\n<meta name=\"robots\" content=\"index, follow, max-snippet:-1, max-image-preview:large, max-video-preview:-1\" \/>\n<link rel=\"canonical\" href=\"https:\/\/crewglobaltrading.com\/sq\/pyetjet-e-shpeshta\/\" \/>\n<meta property=\"og:locale\" content=\"sq_AL\" \/>\n<meta property=\"og:type\" content=\"article\" \/>\n<meta property=\"og:title\" content=\"Pyetjet e Shpeshta\" \/>\n<meta property=\"og:description\" content=\"Si mund t\u00eb marr nj\u00eb ofert\u00eb? Na kontaktoni p\u00ebrmes faqes son\u00eb n\u00eb internet, dhe ekipi yn\u00eb do t\u2019ju ofroj\u00eb nj\u00eb ofert\u00eb konkurruese bazuar n\u00eb k\u00ebrkesat tuaja. A ofroni transport nd\u00ebrkomb\u00ebtar? Po, ne ofrojm\u00eb mb\u00ebshtetje logjistike globale p\u00ebr t\u00eb siguruar dor\u00ebzimin n\u00eb koh\u00eb t\u00eb burimeve tuaja minerale. Na kontaktoni p\u00ebrmes faqes son\u00eb n\u00eb internet, dhe ekipi [&hellip;]\" \/>\n<meta property=\"og:url\" content=\"https:\/\/crewglobaltrading.com\/sq\/pyetjet-e-shpeshta\/\" \/>\n<meta property=\"og:site_name\" content=\"Crew Tregtia Globale\" \/>\n<meta property=\"article:publisher\" content=\"https:\/\/www.facebook.com\/crewglobaltrading\" \/>\n<meta property=\"article:modified_time\" content=\"2025-05-18T23:35:05+00:00\" \/>\n<meta property=\"og:image\" content=\"https:\/\/crewglobaltrading.com\/wp-content\/uploads\/2025\/04\/seo.jpg\" \/>\n\t<meta property=\"og:image:width\" content=\"1200\" \/>\n\t<meta property=\"og:image:height\" content=\"675\" \/>\n\t<meta property=\"og:image:type\" content=\"image\/jpeg\" \/>\n<meta name=\"twitter:card\" content=\"summary_large_image\" \/>\n<script type=\"application\/ld+json\" class=\"yoast-schema-graph\">{\"@context\":\"https:\/\/schema.org\",\"@graph\":[{\"@type\":\"WebPage\",\"@id\":\"https:\/\/crewglobaltrading.com\/sq\/pyetjet-e-shpeshta\/\",\"url\":\"https:\/\/crewglobaltrading.com\/sq\/pyetjet-e-shpeshta\/\",\"name\":\"Pyetjet e Shpeshta &#8902; Crew Tregtia Globale\",\"isPartOf\":{\"@id\":\"https:\/\/crewglobaltrading.com\/sq\/#website\"},\"datePublished\":\"2025-04-06T13:49:15+00:00\",\"dateModified\":\"2025-05-18T23:35:05+00:00\",\"breadcrumb\":{\"@id\":\"https:\/\/crewglobaltrading.com\/sq\/pyetjet-e-shpeshta\/#breadcrumb\"},\"inLanguage\":\"sq-AL\",\"potentialAction\":[{\"@type\":\"ReadAction\",\"target\":[\"https:\/\/crewglobaltrading.com\/sq\/pyetjet-e-shpeshta\/\"]}]},{\"@type\":\"BreadcrumbList\",\"@id\":\"https:\/\/crewglobaltrading.com\/sq\/pyetjet-e-shpeshta\/#breadcrumb\",\"itemListElement\":[{\"@type\":\"ListItem\",\"position\":1,\"name\":\"Faqja Kryesore\",\"item\":\"https:\/\/crewglobaltrading.com\/sq\/shtepi\/\"},{\"@type\":\"ListItem\",\"position\":2,\"name\":\"Pyetjet e Shpeshta\"}]},{\"@type\":\"WebSite\",\"@id\":\"https:\/\/crewglobaltrading.com\/sq\/#website\",\"url\":\"https:\/\/crewglobaltrading.com\/sq\/\",\"name\":\"CREW\",\"description\":\"Port\u00eb p\u00ebr burimet minerale dhe tregtin\u00eb e p\u00ebrgjithshme\",\"publisher\":{\"@id\":\"https:\/\/crewglobaltrading.com\/sq\/#organization\"},\"alternateName\":\"CREW\",\"potentialAction\":[{\"@type\":\"SearchAction\",\"target\":{\"@type\":\"EntryPoint\",\"urlTemplate\":\"https:\/\/crewglobaltrading.com\/sq\/?s={search_term_string}\"},\"query-input\":{\"@type\":\"PropertyValueSpecification\",\"valueRequired\":true,\"valueName\":\"search_term_string\"}}],\"inLanguage\":\"sq-AL\"},{\"@type\":\"Organization\",\"@id\":\"https:\/\/crewglobaltrading.com\/sq\/#organization\",\"name\":\"CREW\",\"alternateName\":\"CREW\",\"url\":\"https:\/\/crewglobaltrading.com\/sq\/\",\"logo\":{\"@type\":\"ImageObject\",\"inLanguage\":\"sq-AL\",\"@id\":\"https:\/\/crewglobaltrading.com\/sq\/#\/schema\/logo\/image\/\",\"url\":\"https:\/\/crewglobaltrading.com\/wp-content\/uploads\/2025\/04\/logo.jpg\",\"contentUrl\":\"https:\/\/crewglobaltrading.com\/wp-content\/uploads\/2025\/04\/logo.jpg\",\"width\":512,\"height\":451,\"caption\":\"CREW\"},\"image\":{\"@id\":\"https:\/\/crewglobaltrading.com\/sq\/#\/schema\/logo\/image\/\"},\"sameAs\":[\"https:\/\/www.facebook.com\/crewglobaltrading\",\"https:\/\/www.instagram.com\/crewglobaltrading\/\"],\"taxID\":\"767-781-244\"}]}<\/script>\n<!-- \/ Yoast SEO Premium plugin. -->","yoast_head_json":{"title":"Pyetjet e Shpeshta &#8902; Crew Tregtia Globale","robots":{"index":"index","follow":"follow","max-snippet":"max-snippet:-1","max-image-preview":"max-image-preview:large","max-video-preview":"max-video-preview:-1"},"canonical":"https:\/\/crewglobaltrading.com\/sq\/pyetjet-e-shpeshta\/","og_locale":"sq_AL","og_type":"article","og_title":"Pyetjet e Shpeshta","og_description":"Si mund t\u00eb marr nj\u00eb ofert\u00eb? Na kontaktoni p\u00ebrmes faqes son\u00eb n\u00eb internet, dhe ekipi yn\u00eb do t\u2019ju ofroj\u00eb nj\u00eb ofert\u00eb konkurruese bazuar n\u00eb k\u00ebrkesat tuaja. A ofroni transport nd\u00ebrkomb\u00ebtar? Po, ne ofrojm\u00eb mb\u00ebshtetje logjistike globale p\u00ebr t\u00eb siguruar dor\u00ebzimin n\u00eb koh\u00eb t\u00eb burimeve tuaja minerale. Na kontaktoni p\u00ebrmes faqes son\u00eb n\u00eb internet, dhe ekipi [&hellip;]","og_url":"https:\/\/crewglobaltrading.com\/sq\/pyetjet-e-shpeshta\/","og_site_name":"Crew Tregtia Globale","article_publisher":"https:\/\/www.facebook.com\/crewglobaltrading","article_modified_time":"2025-05-18T23:35:05+00:00","og_image":[{"width":1200,"height":675,"url":"https:\/\/crewglobaltrading.com\/wp-content\/uploads\/2025\/04\/seo.jpg","type":"image\/jpeg"}],"twitter_card":"summary_large_image","schema":{"@context":"https:\/\/schema.org","@graph":[{"@type":"WebPage","@id":"https:\/\/crewglobaltrading.com\/sq\/pyetjet-e-shpeshta\/","url":"https:\/\/crewglobaltrading.com\/sq\/pyetjet-e-shpeshta\/","name":"Pyetjet e Shpeshta &#8902; Crew Tregtia Globale","isPartOf":{"@id":"https:\/\/crewglobaltrading.com\/sq\/#website"},"datePublished":"2025-04-06T13:49:15+00:00","dateModified":"2025-05-18T23:35:05+00:00","breadcrumb":{"@id":"https:\/\/crewglobaltrading.com\/sq\/pyetjet-e-shpeshta\/#breadcrumb"},"inLanguage":"sq-AL","potentialAction":[{"@type":"ReadAction","target":["https:\/\/crewglobaltrading.com\/sq\/pyetjet-e-shpeshta\/"]}]},{"@type":"BreadcrumbList","@id":"https:\/\/crewglobaltrading.com\/sq\/pyetjet-e-shpeshta\/#breadcrumb","itemListElement":[{"@type":"ListItem","position":1,"name":"Faqja Kryesore","item":"https:\/\/crewglobaltrading.com\/sq\/shtepi\/"},{"@type":"ListItem","position":2,"name":"Pyetjet e Shpeshta"}]},{"@type":"WebSite","@id":"https:\/\/crewglobaltrading.com\/sq\/#website","url":"https:\/\/crewglobaltrading.com\/sq\/","name":"CREW","description":"Port\u00eb p\u00ebr burimet minerale dhe tregtin\u00eb e p\u00ebrgjithshme","publisher":{"@id":"https:\/\/crewglobaltrading.com\/sq\/#organization"},"alternateName":"CREW","potentialAction":[{"@type":"SearchAction","target":{"@type":"EntryPoint","urlTemplate":"https:\/\/crewglobaltrading.com\/sq\/?s={search_term_string}"},"query-input":{"@type":"PropertyValueSpecification","valueRequired":true,"valueName":"search_term_string"}}],"inLanguage":"sq-AL"},{"@type":"Organization","@id":"https:\/\/crewglobaltrading.com\/sq\/#organization","name":"CREW","alternateName":"CREW","url":"https:\/\/crewglobaltrading.com\/sq\/","logo":{"@type":"ImageObject","inLanguage":"sq-AL","@id":"https:\/\/crewglobaltrading.com\/sq\/#\/schema\/logo\/image\/","url":"https:\/\/crewglobaltrading.com\/wp-content\/uploads\/2025\/04\/logo.jpg","contentUrl":"https:\/\/crewglobaltrading.com\/wp-content\/uploads\/2025\/04\/logo.jpg","width":512,"height":451,"caption":"CREW"},"image":{"@id":"https:\/\/crewglobaltrading.com\/sq\/#\/schema\/logo\/image\/"},"sameAs":["https:\/\/www.facebook.com\/crewglobaltrading","https:\/\/www.instagram.com\/crewglobaltrading\/"],"taxID":"767-781-244"}]}},"_links":{"self":[{"href":"https:\/\/crewglobaltrading.com\/sq\/wp-json\/wp\/v2\/pages\/2768","targetHints":{"allow":["GET"]}}],"collection":[{"href":"https:\/\/crewglobaltrading.com\/sq\/wp-json\/wp\/v2\/pages"}],"about":[{"href":"https:\/\/crewglobaltrading.com\/sq\/wp-json\/wp\/v2\/types\/page"}],"author":[{"embeddable":true,"href":"https:\/\/crewglobaltrading.com\/sq\/wp-json\/wp\/v2\/users\/1"}],"replies":[{"embeddable":true,"href":"https:\/\/crewglobaltrading.com\/sq\/wp-json\/wp\/v2\/comments?post=2768"}],"version-history":[{"count":0,"href":"https:\/\/crewglobaltrading.com\/sq\/wp-json\/wp\/v2\/pages\/2768\/revisions"}],"wp:attachment":[{"href":"https:\/\/crewglobaltrading.com\/sq\/wp-json\/wp\/v2\/media?parent=2768"}],"curies":[{"name":"wp","href":"https:\/\/api.w.org\/{rel}","templated":true}]}}