{"id":2822,"date":"2025-04-06T13:15:30","date_gmt":"2025-04-06T11:15:30","guid":{"rendered":"https:\/\/crewglobaltrading.com\/gizlilik-politikasi\/"},"modified":"2025-05-26T00:38:00","modified_gmt":"2025-05-25T22:38:00","slug":"gizlilik-politikasi","status":"publish","type":"page","link":"https:\/\/crewglobaltrading.com\/tr\/gizlilik-politikasi\/","title":{"rendered":"Gizlilik Politikas\u0131"},"content":{"rendered":"\t\t<div data-elementor-type=\"wp-page\" data-elementor-id=\"2822\" class=\"elementor elementor-2822 elementor-3\" data-elementor-post-type=\"page\">\n\t\t\t\t<div class=\"elementor-element elementor-element-29253216 e-flex e-con-boxed e-con e-parent\" data-id=\"29253216\" data-element_type=\"container\">\n\t\t\t\t\t<div class=\"e-con-inner\">\n\t\t\t\t<div class=\"elementor-element elementor-element-627bccda elementor-widget elementor-widget-text-editor\" data-id=\"627bccda\" data-element_type=\"widget\" data-widget_type=\"text-editor.default\">\n\t\t\t\t\t\t\t\t\t\n<h2 class=\"wp-block-heading\">Biz kimiz?<\/h2>\n\n<p><strong class=\"privacy-policy-tutorial\">Web sitemizin <\/strong>adresi: https:\/\/crewglobaltrading.com.<\/p>\n\n<h2 class=\"wp-block-heading\">Yorumlar<\/h2>\n\n<p><strong class=\"privacy-policy-tutorial\">Ziyaret\u00e7iler<\/strong> sitede yorum b\u0131rakt\u0131klar\u0131nda, yorum formunda g\u00f6sterilen verileri ve spam tespiti i\u00e7in ziyaret\u00e7inin IP adresini ve taray\u0131c\u0131 kullan\u0131c\u0131 arac\u0131 bilgisini toplar\u0131z.<\/p>\n\n<p>E-posta adresinizden olu\u015fturulan anonimle\u015ftirilmi\u015f bir dize (hash olarak da adland\u0131r\u0131l\u0131r), Gravatar hizmetine sa\u011flanabilir; b\u00f6ylece bu hizmeti kullan\u0131p kullanmad\u0131\u011f\u0131n\u0131z kontrol edilir. Gravatar hizmetinin gizlilik politikas\u0131 \u015furada yay\u0131mlanm\u0131\u015ft\u0131r: https:\/\/automattic.com\/privacy\/. Yorumunuz onayland\u0131ktan sonra profil resminiz yorumunuzun yan\u0131nda herkese a\u00e7\u0131k \u015fekilde g\u00f6r\u00fcn\u00fcr. <\/p>\n\n<h2 class=\"wp-block-heading\">Medya<\/h2>\n\n<p><strong class=\"privacy-policy-tutorial\">Web sitesine re<\/strong>sim y\u00fckledi\u011finizde, g\u00f6m\u00fcl\u00fc konum verisi (EXIF GPS) i\u00e7eren dosyalar\u0131 y\u00fcklemekten ka\u00e7\u0131nmal\u0131s\u0131n\u0131z. Ziyaret\u00e7iler, sitedeki resimleri indirip \u00fczerlerindeki konum verilerini \u00e7\u0131karabilir. <\/p>\n\n<h2 class=\"wp-block-heading\">\u00c7erezler<\/h2>\n\n<p><strong class=\"privacy-policy-tutorial\">E\u011fer sitemizde<\/strong> bir yorum b\u0131rak\u0131rsan\u0131z, ad\u0131n\u0131z\u0131, e-posta adresinizi ve web sitenizi \u00e7erezlerde kaydetmeyi tercih edebilirsiniz. Bu, ba\u015fka bir yorum b\u0131rakt\u0131\u011f\u0131n\u0131zda bilgilerinizi tekrar girmenize gerek kalmamas\u0131 i\u00e7in sizin rahat\u0131n\u0131z i\u00e7indir. Bu \u00e7erezler bir y\u0131l boyunca ge\u00e7erli olacakt\u0131r.  <\/p>\n\n<p>Giri\u015f sayfam\u0131z\u0131 ziyaret ederseniz, taray\u0131c\u0131n\u0131z\u0131n \u00e7erezleri kabul edip etmedi\u011fini belirlemek i\u00e7in ge\u00e7ici bir \u00e7erez ayarlayaca\u011f\u0131z. Bu \u00e7erez ki\u015fisel veri i\u00e7ermez ve taray\u0131c\u0131n\u0131z\u0131 kapatt\u0131\u011f\u0131n\u0131zda silinir. <\/p>\n\n<p>Oturum a\u00e7t\u0131\u011f\u0131n\u0131zda, giri\u015f bilgilerinizi ve ekran g\u00f6r\u00fcnt\u00fc tercihlerinizi kaydetmek i\u00e7in birka\u00e7 \u00e7erez ayarlar\u0131z. Oturum a\u00e7ma \u00e7erezleri iki g\u00fcn, ekran se\u00e7enekleri \u00e7erezleri ise bir y\u0131l s\u00fcreyle ge\u00e7erlidir. \u201cBeni Hat\u0131rla\u201d se\u00e7ene\u011fini i\u015faretlerseniz, giri\u015f bilgileriniz iki hafta boyunca saklan\u0131r. Hesab\u0131n\u0131zdan \u00e7\u0131k\u0131\u015f yapt\u0131\u011f\u0131n\u0131zda ise oturum a\u00e7ma \u00e7erezleri silinir.   <\/p>\n\n<p>Bir makale d\u00fczenledi\u011finizde veya yay\u0131mlad\u0131\u011f\u0131n\u0131zda, taray\u0131c\u0131n\u0131zda ek bir \u00e7erez kaydedilir. Bu \u00e7erez ki\u015fisel veri i\u00e7ermez ve yaln\u0131zca d\u00fczenledi\u011finiz makalenin g\u00f6nderi kimli\u011fini g\u00f6sterir. S\u00fcresi 1 g\u00fcn sonra dolar.  <\/p>\n\n<h2 class=\"wp-block-heading\">Di\u011fer web sitelerinden g\u00f6m\u00fcl\u00fc i\u00e7erik<\/h2>\n\n<p><strong class=\"privacy-policy-tutorial\">Artik\u00fcller bu<\/strong> sitede g\u00f6m\u00fcl\u00fc i\u00e7erik (\u00f6r. videolar, resimler, makaleler vb.) i\u00e7erebilir. Di\u011fer web sitelerinden gelen g\u00f6m\u00fcl\u00fc i\u00e7erikler, ziyaret\u00e7inin do\u011frudan o web sitesini ziyaret etmi\u015f gibi ayn\u0131 \u015fekilde davran\u0131r. <\/p>\n\n<p>Bu web siteleri hakk\u0131n\u0131zda veri toplayabilir, \u00e7erez kullanabilir, ek \u00fc\u00e7\u00fcnc\u00fc taraf izleme entegrasyonu yapabilir ve o g\u00f6m\u00fcl\u00fc i\u00e7erikle etkile\u015fiminizi izleyebilir; hesab\u0131n\u0131z varsa ve o web sitesine giri\u015f yapt\u0131ysan\u0131z, g\u00f6m\u00fcl\u00fc i\u00e7erikle etkile\u015fiminiz de takip edilebilir.<\/p>\n\n<h2 class=\"wp-block-heading\">Verilerinizi Kimlerle Payla\u015f\u0131yoruz<\/h2>\n\n<p><strong class=\"privacy-policy-tutorial\">\u015eifre s\u0131f\u0131rlama<\/strong> talebinde bulunursan\u0131z, IP adresiniz s\u0131f\u0131rlama e-postas\u0131na dahil edilecektir.<\/p>\n\n<h2 class=\"wp-block-heading\">Verilerinizi Ne Kadar S\u00fcre Sakl\u0131yoruz<\/h2>\n\n<p><strong class=\"privacy-policy-tutorial\">E\u011fer bir yorum<\/strong> b\u0131rak\u0131rsan\u0131z, yorum ve ilgili meta veriler s\u00fcresiz olarak saklan\u0131r. Bu sayede, moderasyon kuyru\u011funda bekletmek yerine, sonraki yorumlar\u0131 otomatik tan\u0131y\u0131p onaylayabiliriz. <\/p>\n\n<p>Web sitemize kay\u0131t olan kullan\u0131c\u0131lar (varsa), kullan\u0131c\u0131 profillerinde sa\u011flad\u0131klar\u0131 ki\u015fisel bilgileri de depoluyoruz. T\u00fcm kullan\u0131c\u0131lar, kullan\u0131c\u0131 adlar\u0131n\u0131 de\u011fi\u015ftiremeyecekleri hari\u00e7, istedikleri zaman ki\u015fisel bilgilerini g\u00f6r\u00fcnt\u00fcleyebilir, d\u00fczenleyebilir veya silebilir. Web sitesi y\u00f6neticileri de bu bilgileri g\u00f6r\u00fcnt\u00fcleyebilir ve d\u00fczenleyebilir.  <\/p>\n\n<h2 class=\"wp-block-heading\">Verileriniz \u00dczerindeki Haklar\u0131n\u0131z<\/h2>\n\n<p><strong class=\"privacy-policy-tutorial\">E\u011fer bu sitede<\/strong> bir hesab\u0131n\u0131z varsa veya yorum b\u0131rakt\u0131ysan\u0131z, hakk\u0131n\u0131zda saklad\u0131\u011f\u0131m\u0131z ki\u015fisel verilerin bir ihracat dosyas\u0131n\u0131 talep edebilirsiniz; bu, bize sa\u011flad\u0131\u011f\u0131n\u0131z t\u00fcm verileri i\u00e7erir. Ayr\u0131ca hakk\u0131n\u0131zda saklad\u0131\u011f\u0131m\u0131z ki\u015fisel verilerin silinmesini de isteyebilirsiniz. Bu, idari, yasal veya g\u00fcvenlik ama\u00e7l\u0131 olarak saklamakla y\u00fck\u00fcml\u00fc oldu\u011fumuz verileri kapsamaz.  <\/p>\n\n<h2 class=\"wp-block-heading\">Verilerinizin G\u00f6nderildi\u011fi Yerler<\/h2>\n\n<p><strong class=\"privacy-policy-tutorial\">Ziyaret\u00e7i<\/strong> yorumlar\u0131, otomatik bir spam tespit servisi arac\u0131l\u0131\u011f\u0131yla kontrol edilebilir.<\/p>\n\t\t\t\t\t\t\t\t<\/div>\n\t\t\t\t\t<\/div>\n\t\t\t\t<\/div>\n\t\t\t\t<\/div>\n\t\t","protected":false},"excerpt":{"rendered":"<p>Biz kimiz? Web sitemizin adresi: https:\/\/crewglobaltrading.com. Yorumlar Ziyaret\u00e7iler sitede yorum b\u0131rakt\u0131klar\u0131nda, yorum formunda g\u00f6sterilen verileri ve spam tespiti i\u00e7in ziyaret\u00e7inin IP adresini ve taray\u0131c\u0131 kullan\u0131c\u0131 arac\u0131 bilgisini toplar\u0131z. E-posta adresinizden olu\u015fturulan anonimle\u015ftirilmi\u015f bir dize (hash olarak da adland\u0131r\u0131l\u0131r), Gravatar hizmetine sa\u011flanabilir; b\u00f6ylece bu hizmeti kullan\u0131p kullanmad\u0131\u011f\u0131n\u0131z kontrol edilir. Gravatar hizmetinin gizlilik politikas\u0131 \u015furada yay\u0131mlanm\u0131\u015ft\u0131r: https:\/\/automattic.com\/privacy\/. [&hellip;]<\/p>\n","protected":false},"author":1,"featured_media":0,"parent":0,"menu_order":0,"comment_status":"closed","ping_status":"closed","template":"","meta":{"_acf_changed":false,"inline_featured_image":false,"footnotes":""},"class_list":["post-2822","page","type-page","status-publish","hentry"],"acf":[],"yoast_head":"<!-- This site is optimized with the Yoast SEO Premium plugin v25.0 (Yoast SEO v25.1) - https:\/\/yoast.com\/wordpress\/plugins\/seo\/ -->\n<title>Gizlilik Politikas\u0131 &#8902; Crew K\u00fcresel Ticaret<\/title>\n<meta name=\"robots\" content=\"index, follow, max-snippet:-1, max-image-preview:large, max-video-preview:-1\" \/>\n<link rel=\"canonical\" href=\"https:\/\/crewglobaltrading.com\/tr\/gizlilik-politikasi\/\" \/>\n<meta property=\"og:locale\" content=\"tr_TR\" \/>\n<meta property=\"og:type\" content=\"article\" \/>\n<meta property=\"og:title\" content=\"Gizlilik Politikas\u0131\" \/>\n<meta property=\"og:description\" content=\"Biz kimiz? Web sitemizin adresi: https:\/\/crewglobaltrading.com. Yorumlar Ziyaret\u00e7iler sitede yorum b\u0131rakt\u0131klar\u0131nda, yorum formunda g\u00f6sterilen verileri ve spam tespiti i\u00e7in ziyaret\u00e7inin IP adresini ve taray\u0131c\u0131 kullan\u0131c\u0131 arac\u0131 bilgisini toplar\u0131z. E-posta adresinizden olu\u015fturulan anonimle\u015ftirilmi\u015f bir dize (hash olarak da adland\u0131r\u0131l\u0131r), Gravatar hizmetine sa\u011flanabilir; b\u00f6ylece bu hizmeti kullan\u0131p kullanmad\u0131\u011f\u0131n\u0131z kontrol edilir. Gravatar hizmetinin gizlilik politikas\u0131 \u015furada yay\u0131mlanm\u0131\u015ft\u0131r: https:\/\/automattic.com\/privacy\/. [&hellip;]\" \/>\n<meta property=\"og:url\" content=\"https:\/\/crewglobaltrading.com\/tr\/gizlilik-politikasi\/\" \/>\n<meta property=\"og:site_name\" content=\"Crew K\u00fcresel Ticaret\" \/>\n<meta property=\"article:publisher\" content=\"https:\/\/www.facebook.com\/crewglobaltrading\" \/>\n<meta property=\"article:modified_time\" content=\"2025-05-25T22:38:00+00:00\" \/>\n<meta property=\"og:image\" content=\"https:\/\/crewglobaltrading.com\/wp-content\/uploads\/2025\/04\/seo.jpg\" \/>\n\t<meta property=\"og:image:width\" content=\"1200\" \/>\n\t<meta property=\"og:image:height\" content=\"675\" \/>\n\t<meta property=\"og:image:type\" content=\"image\/jpeg\" \/>\n<meta name=\"twitter:card\" content=\"summary_large_image\" \/>\n<meta name=\"twitter:label1\" content=\"Tahmini okuma s\u00fcresi\" \/>\n\t<meta name=\"twitter:data1\" content=\"3 dakika\" \/>\n<script type=\"application\/ld+json\" class=\"yoast-schema-graph\">{\"@context\":\"https:\/\/schema.org\",\"@graph\":[{\"@type\":\"WebPage\",\"@id\":\"https:\/\/crewglobaltrading.com\/tr\/gizlilik-politikasi\/\",\"url\":\"https:\/\/crewglobaltrading.com\/tr\/gizlilik-politikasi\/\",\"name\":\"Gizlilik Politikas\u0131 &#8902; Crew K\u00fcresel Ticaret\",\"isPartOf\":{\"@id\":\"https:\/\/crewglobaltrading.com\/tr\/#website\"},\"datePublished\":\"2025-04-06T11:15:30+00:00\",\"dateModified\":\"2025-05-25T22:38:00+00:00\",\"breadcrumb\":{\"@id\":\"https:\/\/crewglobaltrading.com\/tr\/gizlilik-politikasi\/#breadcrumb\"},\"inLanguage\":\"tr\",\"potentialAction\":[{\"@type\":\"ReadAction\",\"target\":[\"https:\/\/crewglobaltrading.com\/tr\/gizlilik-politikasi\/\"]}]},{\"@type\":\"BreadcrumbList\",\"@id\":\"https:\/\/crewglobaltrading.com\/tr\/gizlilik-politikasi\/#breadcrumb\",\"itemListElement\":[{\"@type\":\"ListItem\",\"position\":1,\"name\":\"Ana Sayfa\",\"item\":\"https:\/\/crewglobaltrading.com\/tr\/anasayfa\/\"},{\"@type\":\"ListItem\",\"position\":2,\"name\":\"Gizlilik Politikas\u0131\"}]},{\"@type\":\"WebSite\",\"@id\":\"https:\/\/crewglobaltrading.com\/tr\/#website\",\"url\":\"https:\/\/crewglobaltrading.com\/tr\/\",\"name\":\"CREW\",\"description\":\"Mineral kaynaklara ve genel ticarete kap\u0131\",\"publisher\":{\"@id\":\"https:\/\/crewglobaltrading.com\/tr\/#organization\"},\"alternateName\":\"CREW\",\"potentialAction\":[{\"@type\":\"SearchAction\",\"target\":{\"@type\":\"EntryPoint\",\"urlTemplate\":\"https:\/\/crewglobaltrading.com\/tr\/?s={search_term_string}\"},\"query-input\":{\"@type\":\"PropertyValueSpecification\",\"valueRequired\":true,\"valueName\":\"search_term_string\"}}],\"inLanguage\":\"tr\"},{\"@type\":\"Organization\",\"@id\":\"https:\/\/crewglobaltrading.com\/tr\/#organization\",\"name\":\"CREW\",\"alternateName\":\"CREW\",\"url\":\"https:\/\/crewglobaltrading.com\/tr\/\",\"logo\":{\"@type\":\"ImageObject\",\"inLanguage\":\"tr\",\"@id\":\"https:\/\/crewglobaltrading.com\/tr\/#\/schema\/logo\/image\/\",\"url\":\"https:\/\/crewglobaltrading.com\/wp-content\/uploads\/2025\/04\/logo.jpg\",\"contentUrl\":\"https:\/\/crewglobaltrading.com\/wp-content\/uploads\/2025\/04\/logo.jpg\",\"width\":512,\"height\":451,\"caption\":\"CREW\"},\"image\":{\"@id\":\"https:\/\/crewglobaltrading.com\/tr\/#\/schema\/logo\/image\/\"},\"sameAs\":[\"https:\/\/www.facebook.com\/crewglobaltrading\",\"https:\/\/www.instagram.com\/crewglobaltrading\/\"],\"taxID\":\"767-781-244\"}]}<\/script>\n<!-- \/ Yoast SEO Premium plugin. -->","yoast_head_json":{"title":"Gizlilik Politikas\u0131 &#8902; Crew K\u00fcresel Ticaret","robots":{"index":"index","follow":"follow","max-snippet":"max-snippet:-1","max-image-preview":"max-image-preview:large","max-video-preview":"max-video-preview:-1"},"canonical":"https:\/\/crewglobaltrading.com\/tr\/gizlilik-politikasi\/","og_locale":"tr_TR","og_type":"article","og_title":"Gizlilik Politikas\u0131","og_description":"Biz kimiz? Web sitemizin adresi: https:\/\/crewglobaltrading.com. Yorumlar Ziyaret\u00e7iler sitede yorum b\u0131rakt\u0131klar\u0131nda, yorum formunda g\u00f6sterilen verileri ve spam tespiti i\u00e7in ziyaret\u00e7inin IP adresini ve taray\u0131c\u0131 kullan\u0131c\u0131 arac\u0131 bilgisini toplar\u0131z. E-posta adresinizden olu\u015fturulan anonimle\u015ftirilmi\u015f bir dize (hash olarak da adland\u0131r\u0131l\u0131r), Gravatar hizmetine sa\u011flanabilir; b\u00f6ylece bu hizmeti kullan\u0131p kullanmad\u0131\u011f\u0131n\u0131z kontrol edilir. Gravatar hizmetinin gizlilik politikas\u0131 \u015furada yay\u0131mlanm\u0131\u015ft\u0131r: https:\/\/automattic.com\/privacy\/. [&hellip;]","og_url":"https:\/\/crewglobaltrading.com\/tr\/gizlilik-politikasi\/","og_site_name":"Crew K\u00fcresel Ticaret","article_publisher":"https:\/\/www.facebook.com\/crewglobaltrading","article_modified_time":"2025-05-25T22:38:00+00:00","og_image":[{"width":1200,"height":675,"url":"https:\/\/crewglobaltrading.com\/wp-content\/uploads\/2025\/04\/seo.jpg","type":"image\/jpeg"}],"twitter_card":"summary_large_image","twitter_misc":{"Tahmini okuma s\u00fcresi":"3 dakika"},"schema":{"@context":"https:\/\/schema.org","@graph":[{"@type":"WebPage","@id":"https:\/\/crewglobaltrading.com\/tr\/gizlilik-politikasi\/","url":"https:\/\/crewglobaltrading.com\/tr\/gizlilik-politikasi\/","name":"Gizlilik Politikas\u0131 &#8902; Crew K\u00fcresel Ticaret","isPartOf":{"@id":"https:\/\/crewglobaltrading.com\/tr\/#website"},"datePublished":"2025-04-06T11:15:30+00:00","dateModified":"2025-05-25T22:38:00+00:00","breadcrumb":{"@id":"https:\/\/crewglobaltrading.com\/tr\/gizlilik-politikasi\/#breadcrumb"},"inLanguage":"tr","potentialAction":[{"@type":"ReadAction","target":["https:\/\/crewglobaltrading.com\/tr\/gizlilik-politikasi\/"]}]},{"@type":"BreadcrumbList","@id":"https:\/\/crewglobaltrading.com\/tr\/gizlilik-politikasi\/#breadcrumb","itemListElement":[{"@type":"ListItem","position":1,"name":"Ana Sayfa","item":"https:\/\/crewglobaltrading.com\/tr\/anasayfa\/"},{"@type":"ListItem","position":2,"name":"Gizlilik Politikas\u0131"}]},{"@type":"WebSite","@id":"https:\/\/crewglobaltrading.com\/tr\/#website","url":"https:\/\/crewglobaltrading.com\/tr\/","name":"CREW","description":"Mineral kaynaklara ve genel ticarete kap\u0131","publisher":{"@id":"https:\/\/crewglobaltrading.com\/tr\/#organization"},"alternateName":"CREW","potentialAction":[{"@type":"SearchAction","target":{"@type":"EntryPoint","urlTemplate":"https:\/\/crewglobaltrading.com\/tr\/?s={search_term_string}"},"query-input":{"@type":"PropertyValueSpecification","valueRequired":true,"valueName":"search_term_string"}}],"inLanguage":"tr"},{"@type":"Organization","@id":"https:\/\/crewglobaltrading.com\/tr\/#organization","name":"CREW","alternateName":"CREW","url":"https:\/\/crewglobaltrading.com\/tr\/","logo":{"@type":"ImageObject","inLanguage":"tr","@id":"https:\/\/crewglobaltrading.com\/tr\/#\/schema\/logo\/image\/","url":"https:\/\/crewglobaltrading.com\/wp-content\/uploads\/2025\/04\/logo.jpg","contentUrl":"https:\/\/crewglobaltrading.com\/wp-content\/uploads\/2025\/04\/logo.jpg","width":512,"height":451,"caption":"CREW"},"image":{"@id":"https:\/\/crewglobaltrading.com\/tr\/#\/schema\/logo\/image\/"},"sameAs":["https:\/\/www.facebook.com\/crewglobaltrading","https:\/\/www.instagram.com\/crewglobaltrading\/"],"taxID":"767-781-244"}]}},"_links":{"self":[{"href":"https:\/\/crewglobaltrading.com\/tr\/wp-json\/wp\/v2\/pages\/2822","targetHints":{"allow":["GET"]}}],"collection":[{"href":"https:\/\/crewglobaltrading.com\/tr\/wp-json\/wp\/v2\/pages"}],"about":[{"href":"https:\/\/crewglobaltrading.com\/tr\/wp-json\/wp\/v2\/types\/page"}],"author":[{"embeddable":true,"href":"https:\/\/crewglobaltrading.com\/tr\/wp-json\/wp\/v2\/users\/1"}],"replies":[{"embeddable":true,"href":"https:\/\/crewglobaltrading.com\/tr\/wp-json\/wp\/v2\/comments?post=2822"}],"version-history":[{"count":0,"href":"https:\/\/crewglobaltrading.com\/tr\/wp-json\/wp\/v2\/pages\/2822\/revisions"}],"wp:attachment":[{"href":"https:\/\/crewglobaltrading.com\/tr\/wp-json\/wp\/v2\/media?parent=2822"}],"curies":[{"name":"wp","href":"https:\/\/api.w.org\/{rel}","templated":true}]}}